{"id":1774,"date":"2024-04-04T00:00:05","date_gmt":"2024-04-03T23:00:05","guid":{"rendered":"https:\/\/recreagastronomia.onlinevalles.club\/a-recrea-comptem-amb-el-certificat-iso-90012015\/"},"modified":"2024-04-04T00:11:23","modified_gmt":"2024-04-03T23:11:23","slug":"certificados","status":"publish","type":"page","link":"https:\/\/recreagastronomia.onlinevalles.club\/es\/certificados\/","title":{"rendered":"En ReCrea, contamos con el certificado ISO 9001:2015"},"content":{"rendered":"\n<p>Esta certificaci\u00f3n acredita que orientamos nuestro trabajo a los clientes. En el caso de los servicios educativos, acredita que estamos orientados hacia el alumnado y las familias. Tambi\u00e9n acredita que trabajamos desde el liderazgo, tanto desde direcci\u00f3n de ReCrea como desde el resto de los agentes implicados en la ense\u00f1anza y aprendizaje.<\/p>\n\n\n\n<p>Por otro lado, certifica que construimos un sistema que necesita y pide la participaci\u00f3n y el compromiso de todas las partes interesadas; y que planteamos un enfoque basado en procesos. Tambi\u00e9n acredita que trabajamos para la mejora continua tanto de los procesos como de los productos y del sistema de gesti\u00f3n; y que nuestras decisiones se toman en base a la informaci\u00f3n basada en evidencias. Desde ReCrea, tambi\u00e9n gestionamos las relaciones, entendi\u00e9ndolas como la construcci\u00f3n de redes y comunidades que nos permitan avanzar en conjunto y en corresposanbilidad entre todos los grupos de inter\u00e9s.<\/p>\n\n\n\n<figure class=\"wp-block-image size-large is-resized\"><img loading=\"lazy\" decoding=\"async\" width=\"1024\" height=\"378\" src=\"https:\/\/recreagastronomia.onlinevalles.club\/wp-content\/uploads\/2024\/04\/TR-Testmark_9000031793_ES_CMYK_with-QR-Code-1024x378.jpg\" alt=\"\" class=\"wp-image-1769\" style=\"width:285px;height:auto\" srcset=\"https:\/\/recreagastronomia.onlinevalles.club\/wp-content\/uploads\/2024\/04\/TR-Testmark_9000031793_ES_CMYK_with-QR-Code-1024x378.jpg 1024w, https:\/\/recreagastronomia.onlinevalles.club\/wp-content\/uploads\/2024\/04\/TR-Testmark_9000031793_ES_CMYK_with-QR-Code-300x111.jpg 300w, https:\/\/recreagastronomia.onlinevalles.club\/wp-content\/uploads\/2024\/04\/TR-Testmark_9000031793_ES_CMYK_with-QR-Code-768x283.jpg 768w, https:\/\/recreagastronomia.onlinevalles.club\/wp-content\/uploads\/2024\/04\/TR-Testmark_9000031793_ES_CMYK_with-QR-Code-1536x567.jpg 1536w, https:\/\/recreagastronomia.onlinevalles.club\/wp-content\/uploads\/2024\/04\/TR-Testmark_9000031793_ES_CMYK_with-QR-Code.jpg 1965w\" sizes=\"auto, (max-width: 1024px) 100vw, 1024px\" \/><\/figure>\n\n\n\n<h1 class=\"wp-block-heading\"><strong><strong>Tambi\u00e9n contamos con el certificado \u201cBo, Sa, D\u2019aqu\u00ed\u201d<\/strong><\/strong><\/h1>\n\n\n\n<p>El certificado \u201cBo, Sa, D\u2019aqu\u00ed\u201d acredita que estamos comprometidos con una alimentaci\u00f3n saludable y el producto de proximidad.&nbsp;<\/p>\n\n\n\n<ul class=\"wp-block-list\">\n<li>Trabajamos con productores y comercializadores de Catalu\u00f1a.<\/li>\n\n\n\n<li>Hacemos llegar alimentos de proximidad cultivados en campos de nuestra comunidad a los comedores de las escuelas que gestionamos.<\/li>\n<\/ul>\n\n\n\n<p>Y continuamos trabajando para ejercer un trabajo de calidad que garantice la salud y la felicidad de nuestros comensales.<\/p>\n\n\n\n<figure class=\"wp-block-image size-large is-resized\"><img loading=\"lazy\" decoding=\"async\" width=\"1024\" height=\"678\" src=\"https:\/\/recreagastronomia.onlinevalles.club\/wp-content\/uploads\/2024\/04\/BO-SA-DAQUI-1024x678.png\" alt=\"\" class=\"wp-image-1771\" style=\"width:323px;height:auto\" srcset=\"https:\/\/recreagastronomia.onlinevalles.club\/wp-content\/uploads\/2024\/04\/BO-SA-DAQUI-1024x678.png 1024w, https:\/\/recreagastronomia.onlinevalles.club\/wp-content\/uploads\/2024\/04\/BO-SA-DAQUI-300x199.png 300w, https:\/\/recreagastronomia.onlinevalles.club\/wp-content\/uploads\/2024\/04\/BO-SA-DAQUI-768x509.png 768w, https:\/\/recreagastronomia.onlinevalles.club\/wp-content\/uploads\/2024\/04\/BO-SA-DAQUI.png 1043w\" sizes=\"auto, (max-width: 1024px) 100vw, 1024px\" \/><\/figure>\n","protected":false},"excerpt":{"rendered":"<p>Esta certificaci\u00f3n acredita que orientamos nuestro trabajo a los clientes. En el caso de los servicios educativos, acredita que estamos orientados hacia el alumnado y las familias. Tambi\u00e9n acredita que trabajamos desde el liderazgo, tanto desde direcci\u00f3n de ReCrea como desde el resto de los agentes implicados en la ense\u00f1anza y aprendizaje. Por otro lado, [&hellip;]<\/p>\n","protected":false},"author":2,"featured_media":0,"parent":0,"menu_order":0,"comment_status":"closed","ping_status":"closed","template":"","meta":{"_acf_changed":false,"inline_featured_image":false,"footnotes":""},"class_list":["post-1774","page","type-page","status-publish","hentry"],"acf":[],"_links":{"self":[{"href":"https:\/\/recreagastronomia.onlinevalles.club\/es\/wp-json\/wp\/v2\/pages\/1774","targetHints":{"allow":["GET"]}}],"collection":[{"href":"https:\/\/recreagastronomia.onlinevalles.club\/es\/wp-json\/wp\/v2\/pages"}],"about":[{"href":"https:\/\/recreagastronomia.onlinevalles.club\/es\/wp-json\/wp\/v2\/types\/page"}],"author":[{"embeddable":true,"href":"https:\/\/recreagastronomia.onlinevalles.club\/es\/wp-json\/wp\/v2\/users\/2"}],"replies":[{"embeddable":true,"href":"https:\/\/recreagastronomia.onlinevalles.club\/es\/wp-json\/wp\/v2\/comments?post=1774"}],"version-history":[{"count":2,"href":"https:\/\/recreagastronomia.onlinevalles.club\/es\/wp-json\/wp\/v2\/pages\/1774\/revisions"}],"predecessor-version":[{"id":1788,"href":"https:\/\/recreagastronomia.onlinevalles.club\/es\/wp-json\/wp\/v2\/pages\/1774\/revisions\/1788"}],"wp:attachment":[{"href":"https:\/\/recreagastronomia.onlinevalles.club\/es\/wp-json\/wp\/v2\/media?parent=1774"}],"curies":[{"name":"wp","href":"https:\/\/api.w.org\/{rel}","templated":true}]}}